{"id":1670,"date":"2025-03-27T12:37:27","date_gmt":"2025-03-27T11:37:27","guid":{"rendered":"https:\/\/cesas.lu\/?page_id=1670"},"modified":"2025-09-16T12:20:40","modified_gmt":"2025-09-16T10:20:40","slug":"projets","status":"publish","type":"page","link":"http:\/\/cesas.lu\/de\/accueil\/projets\/","title":{"rendered":"Projekte"},"content":{"rendered":"<div data-elementor-type=\"wp-page\" data-elementor-id=\"1670\" class=\"elementor elementor-1670\" data-elementor-post-type=\"page\">\n\t\t\t\t<div class=\"elementor-element elementor-element-50262b9 e-con-full e-flex e-con e-child\" data-id=\"50262b9\" data-element_type=\"container\" data-e-type=\"container\">\n\t\t\t\t<div class=\"elementor-element elementor-element-6fab376 elementor-view-default elementor-widget elementor-widget-icon\" data-id=\"6fab376\" data-element_type=\"widget\" data-e-type=\"widget\" data-widget_type=\"icon.default\">\n\t\t\t\t\t\t\t<div class=\"elementor-icon-wrapper\">\n\t\t\t<div class=\"elementor-icon\">\n\t\t\t<svg aria-hidden=\"true\" class=\"e-font-icon-svg e-fas-tasks\" viewbox=\"0 0 512 512\" xmlns=\"http:\/\/www.w3.org\/2000\/svg\"><path d=\"M139.61 35.5a12 12 0 0 0-17 0L58.93 98.81l-22.7-22.12a12 12 0 0 0-17 0L3.53 92.41a12 12 0 0 0 0 17l47.59 47.4a12.78 12.78 0 0 0 17.61 0l15.59-15.62L156.52 69a12.09 12.09 0 0 0 .09-17zm0 159.19a12 12 0 0 0-17 0l-63.68 63.72-22.7-22.1a12 12 0 0 0-17 0L3.53 252a12 12 0 0 0 0 17L51 316.5a12.77 12.77 0 0 0 17.6 0l15.7-15.69 72.2-72.22a12 12 0 0 0 .09-16.9zM64 368c-26.49 0-48.59 21.5-48.59 48S37.53 464 64 464a48 48 0 0 0 0-96zm432 16H208a16 16 0 0 0-16 16v32a16 16 0 0 0 16 16h288a16 16 0 0 0 16-16v-32a16 16 0 0 0-16-16zm0-320H208a16 16 0 0 0-16 16v32a16 16 0 0 0 16 16h288a16 16 0 0 0 16-16V80a16 16 0 0 0-16-16zm0 160H208a16 16 0 0 0-16 16v32a16 16 0 0 0 16 16h288a16 16 0 0 0 16-16v-32a16 16 0 0 0-16-16z\"><\/path><\/svg>\t\t\t<\/div>\n\t\t<\/div>\n\t\t\t\t\t\t<\/div>\n\t\t\t\t<div class=\"elementor-element elementor-element-52cfc86 elementor-widget elementor-widget-heading\" data-id=\"52cfc86\" data-element_type=\"widget\" data-e-type=\"widget\" data-widget_type=\"heading.default\">\n\t\t\t\t\t<h1 class=\"elementor-heading-title elementor-size-default\">Projekte<\/h1>\t\t\t\t<\/div>\n\t\t\t\t<div class=\"elementor-element elementor-element-16f90ac elementor-widget elementor-widget-spacer\" data-id=\"16f90ac\" data-element_type=\"widget\" data-e-type=\"widget\" data-widget_type=\"spacer.default\">\n\t\t\t\t\t\t\t<div class=\"elementor-spacer\">\n\t\t\t<div class=\"elementor-spacer-inner\"><\/div>\n\t\t<\/div>\n\t\t\t\t\t\t<\/div>\n\t\t\t\t<\/div>\n\t\t<div class=\"elementor-element elementor-element-209782c e-flex e-con-boxed e-con e-parent\" data-id=\"209782c\" data-element_type=\"container\" data-e-type=\"container\">\n\t\t\t\t\t<div class=\"e-con-inner\">\n\t\t\t\t<div class=\"elementor-element elementor-element-1eb4bfc elementor-widget elementor-widget-spacer\" data-id=\"1eb4bfc\" data-element_type=\"widget\" data-e-type=\"widget\" data-widget_type=\"spacer.default\">\n\t\t\t\t\t\t\t<div class=\"elementor-spacer\">\n\t\t\t<div class=\"elementor-spacer-inner\"><\/div>\n\t\t<\/div>\n\t\t\t\t\t\t<\/div>\n\t\t<div class=\"elementor-element elementor-element-2f8c426 e-con-full e-grid filter-bar blur_20 e-con e-child\" data-id=\"2f8c426\" data-element_type=\"container\" data-e-type=\"container\">\n\t\t<div class=\"elementor-element elementor-element-9387cfe e-con-full e-flex e-con e-child\" data-id=\"9387cfe\" data-element_type=\"container\" data-e-type=\"container\" data-settings=\"{&quot;background_background&quot;:&quot;classic&quot;}\">\n\t\t\t\t<div class=\"elementor-element elementor-element-159fa1e elementor-widget elementor-widget-image\" data-id=\"159fa1e\" data-element_type=\"widget\" data-e-type=\"widget\" data-widget_type=\"image.default\">\n\t\t\t\t\t\t\t\t\t\t\t\t\t\t\t<img fetchpriority=\"high\" decoding=\"async\" width=\"797\" height=\"797\" src=\"https:\/\/cesas.lu\/wp-content\/uploads\/2025\/02\/cachet-SAS.png\" class=\"attachment-full size-full wp-image-1320\" alt=\"\" srcset=\"https:\/\/cesas.lu\/wp-content\/uploads\/2025\/02\/cachet-SAS.png 797w, https:\/\/cesas.lu\/wp-content\/uploads\/2025\/02\/cachet-SAS-300x300.png 300w, https:\/\/cesas.lu\/wp-content\/uploads\/2025\/02\/cachet-SAS-150x150.png 150w, https:\/\/cesas.lu\/wp-content\/uploads\/2025\/02\/cachet-SAS-768x768.png 768w\" sizes=\"(max-width: 797px) 100vw, 797px\" \/>\t\t\t\t\t\t\t\t\t\t\t\t\t\t\t<\/div>\n\t\t\t\t<\/div>\n\t\t<div class=\"elementor-element elementor-element-95c3397 e-con-full e-flex e-con e-child\" data-id=\"95c3397\" data-element_type=\"container\" data-e-type=\"container\">\n\t\t<div class=\"elementor-element elementor-element-75db2ce e-con-full e-flex e-con e-child\" data-id=\"75db2ce\" data-element_type=\"container\" data-e-type=\"container\" data-settings=\"{&quot;background_background&quot;:&quot;classic&quot;}\">\n\t\t\t\t<div class=\"elementor-element elementor-element-1d3bc32 elementor-widget elementor-widget-heading\" data-id=\"1d3bc32\" data-element_type=\"widget\" data-e-type=\"widget\" data-widget_type=\"heading.default\">\n\t\t\t\t\t<h2 class=\"elementor-heading-title elementor-size-default\">Woche der sexuellen und affektiven Gesundheit<\/h2>\t\t\t\t<\/div>\n\t\t\t\t<div class=\"elementor-element elementor-element-2c5aef1 elementor-widget elementor-widget-text-editor\" data-id=\"2c5aef1\" data-element_type=\"widget\" data-e-type=\"widget\" data-widget_type=\"text-editor.default\">\n\t\t\t\t\t\t\t\t\t<p>Mit der SAS Woche beleuchtet Cesas die zentralen Aspekte der affektiven und sexuellen Gesundheit: sexuelle Rechte, professionelle Praxis, Wissen, Methoden und Werkzeuge, Vernetzung und Best Practices. Alle 18 Monate organisiert Cesas in Zusammenarbeit mit Netzwerkpartner.innen die Gesundheitswoche in Luxemburg.\u00a0<\/p><p><a href=\"https:\/\/cesas.lu\/wp-content\/uploads\/2025\/03\/2501_SAS_Programme-final.pdf\">Ausgabe 2025<\/a><\/p><p><a href=\"https:\/\/cesas.lu\/wp-content\/uploads\/2025\/06\/2306_SAS_Programme-final.pdf\">Ausgabe 2023<\/a><\/p><p><a href=\"https:\/\/cesas.lu\/wp-content\/uploads\/2025\/06\/2202_SAS_Programme-long_A4_final-23.03.22.pdf\">Ausgabe 2022<\/a><\/p><p><a href=\"https:\/\/cesas.lu\/wp-content\/uploads\/2025\/06\/programme-semaineSAS-2020.pdf\">Ausgabe 2020<\/a><\/p><p><a href=\"https:\/\/cesas.lu\/wp-content\/uploads\/2025\/06\/Programme-semaine-SAS-final.pdf\">Ausgabe 2019<\/a><\/p>\t\t\t\t\t\t\t\t<\/div>\n\t\t\t\t<\/div>\n\t\t\t\t<\/div>\n\t\t\t\t<\/div>\n\t\t<div class=\"elementor-element elementor-element-172b7a7 e-con-full e-grid filter-bar blur_20 e-con e-child\" data-id=\"172b7a7\" data-element_type=\"container\" data-e-type=\"container\" data-settings=\"{&quot;background_background&quot;:&quot;classic&quot;}\">\n\t\t<div class=\"elementor-element elementor-element-d9d7a40 e-con-full e-flex e-con e-child\" data-id=\"d9d7a40\" data-element_type=\"container\" data-e-type=\"container\">\n\t\t\t\t<\/div>\n\t\t\t\t<div class=\"elementor-element elementor-element-3ccdba2 elementor-widget elementor-widget-heading\" data-id=\"3ccdba2\" data-element_type=\"widget\" data-e-type=\"widget\" data-widget_type=\"heading.default\">\n\t\t\t\t\t<h2 class=\"elementor-heading-title elementor-size-default\"> Plattform Vivons Sans Violences <\/h2>\t\t\t\t<\/div>\n\t\t\t\t<\/div>\n\t\t<div class=\"elementor-element elementor-element-ac283a8 e-con-full e-grid filter-bar blur_20 e-con e-child\" data-id=\"ac283a8\" data-element_type=\"container\" data-e-type=\"container\" data-settings=\"{&quot;background_background&quot;:&quot;classic&quot;}\">\n\t\t<div class=\"elementor-element elementor-element-84f89c8 e-con-full e-flex e-con e-child\" data-id=\"84f89c8\" data-element_type=\"container\" data-e-type=\"container\" data-settings=\"{&quot;background_background&quot;:&quot;classic&quot;}\">\n\t\t\t\t<div class=\"elementor-element elementor-element-9b758b8 elementor-widget elementor-widget-image\" data-id=\"9b758b8\" data-element_type=\"widget\" data-e-type=\"widget\" data-widget_type=\"image.default\">\n\t\t\t\t\t\t\t\t\t\t\t\t\t\t\t<img decoding=\"async\" width=\"783\" height=\"116\" src=\"https:\/\/cesas.lu\/wp-content\/uploads\/2025\/03\/LOGO_macontraception.png\" class=\"attachment-full size-full wp-image-1709\" alt=\"\" srcset=\"https:\/\/cesas.lu\/wp-content\/uploads\/2025\/03\/LOGO_macontraception.png 783w, https:\/\/cesas.lu\/wp-content\/uploads\/2025\/03\/LOGO_macontraception-300x44.png 300w, https:\/\/cesas.lu\/wp-content\/uploads\/2025\/03\/LOGO_macontraception-768x114.png 768w, https:\/\/cesas.lu\/wp-content\/uploads\/2025\/03\/LOGO_macontraception-18x3.png 18w\" sizes=\"(max-width: 783px) 100vw, 783px\" \/>\t\t\t\t\t\t\t\t\t\t\t\t\t\t\t<\/div>\n\t\t\t\t<\/div>\n\t\t<div class=\"elementor-element elementor-element-9fe88a5 e-con-full e-flex e-con e-child\" data-id=\"9fe88a5\" data-element_type=\"container\" data-e-type=\"container\">\n\t\t<div class=\"elementor-element elementor-element-fa2312a e-con-full e-flex e-con e-child\" data-id=\"fa2312a\" data-element_type=\"container\" data-e-type=\"container\" data-settings=\"{&quot;background_background&quot;:&quot;classic&quot;}\">\n\t\t\t\t<div class=\"elementor-element elementor-element-32ef60a elementor-widget elementor-widget-heading\" data-id=\"32ef60a\" data-element_type=\"widget\" data-e-type=\"widget\" data-widget_type=\"heading.default\">\n\t\t\t\t\t<h2 class=\"elementor-heading-title elementor-size-default\">macontraception.lu<\/h2>\t\t\t\t<\/div>\n\t\t\t\t<div class=\"elementor-element elementor-element-8a24a66 elementor-widget elementor-widget-text-editor\" data-id=\"8a24a66\" data-element_type=\"widget\" data-e-type=\"widget\" data-widget_type=\"text-editor.default\">\n\t\t\t\t\t\t\t\t\t<p>macontraception.lu ist ein interdisziplin\u00e4res Projekt, mit dem Ziel zuverl\u00e4ssige, zug\u00e4ngliche und wissenschaftlich fundierte Informationen zum Thema Verh\u00fctung bereitzustellen. Mithilfe von Videos, Lehrmaterialien und Informationen soll das Projekt den Wissenstransfer in verschiedenen Kontexten erleichtern, insbesondere bei der Beziehung zwischen Patient.innen und medizinischem Fachpersonal. macontraception.lu ist in vier Sprachen (Franz\u00f6sisch, Englisch, Deutsch und Portugiesisch) verf\u00fcgbar und ist eine wichtige Referenz zum Thema Verh\u00fctung in Luxemburg. Es tr\u00e4gt dazu bei, die reproduktive Selbstbestimmung der Bev\u00f6lkerung zu st\u00e4rken.<\/p>\n<p><\/p>\n<p><a style=\"text-align: var(--text-align);\" href=\"https:\/\/macontraception.lu\/\" target=\"_blank\" rel=\"noopener\">www.macontraception.lu<\/a><\/p>\t\t\t\t\t\t\t\t<\/div>\n\t\t\t\t<\/div>\n\t\t\t\t<\/div>\n\t\t\t\t<\/div>\n\t\t<div class=\"elementor-element elementor-element-9780a17 e-con-full e-grid filter-bar blur_20 e-con e-child\" data-id=\"9780a17\" data-element_type=\"container\" data-e-type=\"container\">\n\t\t<div class=\"elementor-element elementor-element-b8dc71b e-con-full e-flex e-con e-child\" data-id=\"b8dc71b\" data-element_type=\"container\" data-e-type=\"container\" data-settings=\"{&quot;background_background&quot;:&quot;classic&quot;}\">\n\t\t\t\t<\/div>\n\t\t<div class=\"elementor-element elementor-element-f2de2ba e-con-full e-flex e-con e-child\" data-id=\"f2de2ba\" data-element_type=\"container\" data-e-type=\"container\">\n\t\t<div class=\"elementor-element elementor-element-f840d2e e-con-full e-flex e-con e-child\" data-id=\"f840d2e\" data-element_type=\"container\" data-e-type=\"container\" data-settings=\"{&quot;background_background&quot;:&quot;classic&quot;}\">\n\t\t\t\t<div class=\"elementor-element elementor-element-2f0c627 elementor-widget elementor-widget-heading\" data-id=\"2f0c627\" data-element_type=\"widget\" data-e-type=\"widget\" data-widget_type=\"heading.default\">\n\t\t\t\t\t<h2 class=\"elementor-heading-title elementor-size-default\">Projekte im Bereich Kindheit - Jugend<\/h2>\t\t\t\t<\/div>\n\t\t\t\t<div class=\"elementor-element elementor-element-607446c elementor-widget elementor-widget-text-editor\" data-id=\"607446c\" data-element_type=\"widget\" data-e-type=\"widget\" data-widget_type=\"text-editor.default\">\n\t\t\t\t\t\t\t\t\t<p>Projekt P\u00e4diatrie<\/p><p>Plattform<\/p>\t\t\t\t\t\t\t\t<\/div>\n\t\t\t\t<\/div>\n\t\t\t\t<\/div>\n\t\t\t\t<\/div>\n\t\t<div class=\"elementor-element elementor-element-e5e6774 e-con-full e-grid filter-bar blur_20 e-con e-child\" data-id=\"e5e6774\" data-element_type=\"container\" data-e-type=\"container\">\n\t\t<div class=\"elementor-element elementor-element-edc833c e-con-full e-flex e-con e-child\" data-id=\"edc833c\" data-element_type=\"container\" data-e-type=\"container\" data-settings=\"{&quot;background_background&quot;:&quot;classic&quot;}\">\n\t\t\t\t<\/div>\n\t\t<div class=\"elementor-element elementor-element-29380d9 e-con-full e-flex e-con e-child\" data-id=\"29380d9\" data-element_type=\"container\" data-e-type=\"container\">\n\t\t<div class=\"elementor-element elementor-element-1ab5dad e-con-full e-flex e-con e-child\" data-id=\"1ab5dad\" data-element_type=\"container\" data-e-type=\"container\" data-settings=\"{&quot;background_background&quot;:&quot;classic&quot;}\">\n\t\t\t\t<div class=\"elementor-element elementor-element-ba407ea elementor-widget elementor-widget-heading\" data-id=\"ba407ea\" data-element_type=\"widget\" data-e-type=\"widget\" data-widget_type=\"heading.default\">\n\t\t\t\t\t<h2 class=\"elementor-heading-title elementor-size-default\">F\u00f6rderung der Fortbildung von Multiplikator.innen<\/h2>\t\t\t\t<\/div>\n\t\t\t\t<div class=\"elementor-element elementor-element-cbb0bd7 elementor-widget elementor-widget-text-editor\" data-id=\"cbb0bd7\" data-element_type=\"widget\" data-e-type=\"widget\" data-widget_type=\"text-editor.default\">\n\t\t\t\t\t\t\t\t\t<p><a href=\"https:\/\/cesas.lu\/de\/accueil\/projets\/lets-talk-about-sex\/\">Projekt <em>Let's Talk about Sex!<\/em><\/a><br \/><br \/><\/p>\t\t\t\t\t\t\t\t<\/div>\n\t\t\t\t<\/div>\n\t\t\t\t<\/div>\n\t\t\t\t<\/div>\n\t\t<div class=\"elementor-element elementor-element-3057f4a e-con-full e-grid filter-bar blur_20 e-con e-child\" data-id=\"3057f4a\" data-element_type=\"container\" data-e-type=\"container\" data-settings=\"{&quot;background_background&quot;:&quot;classic&quot;}\">\n\t\t<div class=\"elementor-element elementor-element-488a66c e-con-full e-flex e-con e-child\" data-id=\"488a66c\" data-element_type=\"container\" data-e-type=\"container\" data-settings=\"{&quot;background_background&quot;:&quot;classic&quot;}\">\n\t\t\t\t<\/div>\n\t\t<div class=\"elementor-element elementor-element-b49904c e-con-full e-flex e-con e-child\" data-id=\"b49904c\" data-element_type=\"container\" data-e-type=\"container\">\n\t\t<div class=\"elementor-element elementor-element-0e1a634 e-con-full e-flex e-con e-child\" data-id=\"0e1a634\" data-element_type=\"container\" data-e-type=\"container\" data-settings=\"{&quot;background_background&quot;:&quot;classic&quot;}\">\n\t\t\t\t<div class=\"elementor-element elementor-element-be40c54 elementor-widget elementor-widget-heading\" data-id=\"be40c54\" data-element_type=\"widget\" data-e-type=\"widget\" data-widget_type=\"heading.default\">\n\t\t\t\t\t<h2 class=\"elementor-heading-title elementor-size-default\">Netzwerkbrosch\u00fcre<\/h2>\t\t\t\t<\/div>\n\t\t\t\t<div class=\"elementor-element elementor-element-94398a6 elementor-widget elementor-widget-text-editor\" data-id=\"94398a6\" data-element_type=\"widget\" data-e-type=\"widget\" data-widget_type=\"text-editor.default\">\n\t\t\t\t\t\t\t\t\t<p><a href=\"https:\/\/cesas.lu\/de\/reseau\/\">Netzwerk<\/a><\/p>\t\t\t\t\t\t\t\t<\/div>\n\t\t\t\t<\/div>\n\t\t\t\t<\/div>\n\t\t\t\t<\/div>\n\t\t<div class=\"elementor-element elementor-element-db980cd e-con-full e-grid filter-bar blur_20 e-con e-child\" data-id=\"db980cd\" data-element_type=\"container\" data-e-type=\"container\" data-settings=\"{&quot;background_background&quot;:&quot;classic&quot;}\">\n\t\t<div class=\"elementor-element elementor-element-126c85e e-con-full e-flex e-con e-child\" data-id=\"126c85e\" data-element_type=\"container\" data-e-type=\"container\" data-settings=\"{&quot;background_background&quot;:&quot;classic&quot;}\">\n\t\t\t\t<div class=\"elementor-element elementor-element-302d0bf elementor-widget elementor-widget-image\" data-id=\"302d0bf\" data-element_type=\"widget\" data-e-type=\"widget\" data-widget_type=\"image.default\">\n\t\t\t\t\t\t\t\t\t\t\t\t\t\t\t<img decoding=\"async\" width=\"800\" height=\"207\" src=\"https:\/\/cesas.lu\/wp-content\/uploads\/2025\/07\/Capture-decran-2025-07-21-121731-1024x265.png\" class=\"attachment-large size-large wp-image-2327\" alt=\"\" srcset=\"https:\/\/cesas.lu\/wp-content\/uploads\/2025\/07\/Capture-decran-2025-07-21-121731-1024x265.png 1024w, https:\/\/cesas.lu\/wp-content\/uploads\/2025\/07\/Capture-decran-2025-07-21-121731-300x78.png 300w, https:\/\/cesas.lu\/wp-content\/uploads\/2025\/07\/Capture-decran-2025-07-21-121731-768x199.png 768w, https:\/\/cesas.lu\/wp-content\/uploads\/2025\/07\/Capture-decran-2025-07-21-121731-18x5.png 18w, https:\/\/cesas.lu\/wp-content\/uploads\/2025\/07\/Capture-decran-2025-07-21-121731.png 1074w\" sizes=\"(max-width: 800px) 100vw, 800px\" \/>\t\t\t\t\t\t\t\t\t\t\t\t\t\t\t<\/div>\n\t\t\t\t<\/div>\n\t\t<div class=\"elementor-element elementor-element-d62ae83 e-con-full e-flex e-con e-child\" data-id=\"d62ae83\" data-element_type=\"container\" data-e-type=\"container\">\n\t\t<div class=\"elementor-element elementor-element-a90a30d e-con-full e-flex e-con e-child\" data-id=\"a90a30d\" data-element_type=\"container\" data-e-type=\"container\" data-settings=\"{&quot;background_background&quot;:&quot;classic&quot;}\">\n\t\t\t\t<div class=\"elementor-element elementor-element-49454c6 elementor-widget elementor-widget-heading\" data-id=\"49454c6\" data-element_type=\"widget\" data-e-type=\"widget\" data-widget_type=\"heading.default\">\n\t\t\t\t\t<h2 class=\"elementor-heading-title elementor-size-default\">Projekte in Zusammenarbeit mit Partner.innen<\/h2>\t\t\t\t<\/div>\n\t\t\t\t<div class=\"elementor-element elementor-element-074d51c elementor-widget elementor-widget-text-editor\" data-id=\"074d51c\" data-element_type=\"widget\" data-e-type=\"widget\" data-widget_type=\"text-editor.default\">\n\t\t\t\t\t\t\t\t\t<p>Safersex<\/p><p>Podcast M\u00e9i W\u00e9i Sex<\/p><p>Brosch\u00fcre <em>Stop aux violences sexuelles faites <\/em><em>aux enfants<\/em><\/p><p>Charta<\/p><p>Menschen mit besonderen Bed\u00fcrfnissen<\/p>\t\t\t\t\t\t\t\t<\/div>\n\t\t\t\t<\/div>\n\t\t\t\t<\/div>\n\t\t\t\t<\/div>\n\t\t\t\t\t<\/div>\n\t\t\t\t<\/div>\n\t\t\t\t<\/div>","protected":false},"excerpt":{"rendered":"<p>Projets Semaine de la Sant\u00e9 affective et sexuelle Avec la Semaine SAS, le Cesas met en avant les aspects centraux de la sant\u00e9 affective et sexuelle : les droits sexuels, la pratique professionnelle, les savoirs, les m\u00e9thodes et outils, le r\u00e9seautage et les bonnes pratiques en la mati\u00e8re.\u00a0 Tous les 18 mois, le Cesas organise\u00a0 [&hellip;]<\/p>\n","protected":false},"author":1,"featured_media":0,"parent":114,"menu_order":0,"comment_status":"closed","ping_status":"closed","template":"","meta":{"_acf_changed":false,"_piecal_is_event":false,"_piecal_start_date":"","_piecal_end_date":"","_piecal_is_allday":false,"footnotes":""},"class_list":["post-1670","page","type-page","status-publish","hentry"],"acf":[],"_links":{"self":[{"href":"http:\/\/cesas.lu\/de\/wp-json\/wp\/v2\/pages\/1670","targetHints":{"allow":["GET"]}}],"collection":[{"href":"http:\/\/cesas.lu\/de\/wp-json\/wp\/v2\/pages"}],"about":[{"href":"http:\/\/cesas.lu\/de\/wp-json\/wp\/v2\/types\/page"}],"author":[{"embeddable":true,"href":"http:\/\/cesas.lu\/de\/wp-json\/wp\/v2\/users\/1"}],"replies":[{"embeddable":true,"href":"http:\/\/cesas.lu\/de\/wp-json\/wp\/v2\/comments?post=1670"}],"version-history":[{"count":20,"href":"http:\/\/cesas.lu\/de\/wp-json\/wp\/v2\/pages\/1670\/revisions"}],"predecessor-version":[{"id":2530,"href":"http:\/\/cesas.lu\/de\/wp-json\/wp\/v2\/pages\/1670\/revisions\/2530"}],"up":[{"embeddable":true,"href":"http:\/\/cesas.lu\/de\/wp-json\/wp\/v2\/pages\/114"}],"wp:attachment":[{"href":"http:\/\/cesas.lu\/de\/wp-json\/wp\/v2\/media?parent=1670"}],"curies":[{"name":"wp","href":"https:\/\/api.w.org\/{rel}","templated":true}]}}