{"id":1672,"date":"2025-03-27T12:39:18","date_gmt":"2025-03-27T11:39:18","guid":{"rendered":"https:\/\/cesas.lu\/?page_id=1672"},"modified":"2025-12-09T12:31:14","modified_gmt":"2025-12-09T11:31:14","slug":"lets-talk-about-sex","status":"publish","type":"page","link":"https:\/\/cesas.lu\/de\/accueil\/projets\/lets-talk-about-sex\/","title":{"rendered":"Let's Talk about Sex!"},"content":{"rendered":"<h2 style=\"text-align: center;\"><a href=\"https:\/\/cesas.lu\/wp-content\/uploads\/2025\/12\/Prochaines-formations-1.svg\"><img fetchpriority=\"high\" decoding=\"async\" class=\"alignnone wp-image-2767\" role=\"img\" src=\"https:\/\/cesas.lu\/wp-content\/uploads\/2025\/12\/Prochaines-formations-1.svg\" alt=\"\" width=\"555\" height=\"465\" \/><\/a><\/h2>\n<h4><em>Let's Talk about Sex!<\/em> ist ein Projekt, das von Expert*innen f\u00fcr affektive und sexuelle Gesundheit entwickelt wurde. Es richtet sich an Fachkr\u00e4fte, die mit Jugendlichen arbeiten.<\/h4>\n<p>Inhalte<\/p>\n<ul>\n<li>theoretischer Leitfaden<\/li>\n<li>Toolkit mit praktischen Aktivit\u00e4ten<\/li>\n<li>Fortbildungen sowie<\/li>\n<li>M\u00f6glichkeit, eine Teilnahmebest\u00e4tigung in affektiver und sexueller Gesundheit (SAS) zu erwerben (ab 2024).<\/li>\n<\/ul>\n<p>Nachfolgend finden Sie alle Materialien zum Download sowie s\u00e4mtliche Informationen zum Projekt. Bei Fragen wenden Sie sich bitte an uns unter letstalkaboutsex@cesas.lu<\/p>\n<hr \/>\n<h3>Der Leitfaden zur affektiven und sexuellen Gesundheit junger Menschen f\u00fcr Fachkr\u00e4fte:\u00a0<em>Let's Talk about Sex!<\/em> !<\/h3>\n<p>Dieser Leitfaden wurde 2020 von einer Arbeitsgruppe erstellt, die sich auf verschiedene Themen im Zusammenhang mit der affektiven und sexuellen Gesundheit (frz.: SAS) spezialisiert hat. Um der Nachfrage von p\u00e4dagogischen Fachkr\u00e4ften nach mehr Informationen \u00fcber SAS gerecht zu werden, entwickelte die Arbeitsgruppe zun\u00e4chst eine Sammlung von thematischen Kapiteln, die es erm\u00f6glichen, schnell und konkret Antworten auf Fragen zu finden. Der in Deutsch, Franz\u00f6sisch und Englisch erstellte Leitfaden wird durch mehrere n\u00fctzliche Anh\u00e4nge erg\u00e4nzt: die WHO-Standards f\u00fcr sexuelle Gesundheit, ein Glossar und ein Verzeichnis n\u00fctzlicher Adressen von SAS-Diensten in Luxemburg.<\/p>\n<p><a href=\"https:\/\/cesas.lu\/wp-content\/uploads\/2025\/03\/guide-ltasenweb-1.pdf\">Englisch<\/a><\/p>\n<p><a href=\"https:\/\/cesas.lu\/wp-content\/uploads\/2025\/03\/guide-ltasfrweb-1.pdf\">Franz\u00f6sisch <\/a><\/p>\n<p><a href=\"https:\/\/cesas.lu\/wp-content\/uploads\/2025\/03\/guide-ltasdeweb-2.pdf\">Deutsch<\/a><\/p>\n<p>Feedback zum Leitfaden <em>Let's Talk about Sex!<\/em> ? Den Bewertungsfragebogen finden Sie weiter unten<\/p>\n<p><a href=\"https:\/\/docs.google.com\/forms\/d\/e\/1FAIpQLSenVB5v3igQpwCcaGC-F_mwyusR9elaR5KxbaZPS944KEVeBA\/viewform\">Quiz<\/a><\/p>\n<hr \/>\n<h3>Das p\u00e4dagogische Toolkit f\u00fcr Fachleute: das Let\u2019s Talk about Sex-Toolkit!<\/h3>\n<p>Dieses Toolkit beinhaltet <strong><u>30 spielerische Aktivit\u00e4ten<\/u><\/strong> die mit Jugendlichen durchgef\u00fchrt werden k\u00f6nnen im Rahmen der Bildung zur affektiven und sexuellen Gesundheit (sant\u00e9 affective et sexuelle - SAS auf Frz). Es enth\u00e4lt einen einf\u00fchrenden Leitfaden zur professionellen Haltung von Fachkr\u00e4ften, um einen sicheren Rahmen f\u00fcr die Bildung zur SAS zu schaffen. Der Leitfaden thematisiert unter anderem die notwendigen Kompetenzen, die ein\/e SAS-Erzieher\/in entwickeln muss, <strong><u>die Vorteile f\u00fcr Jugendliche <\/u><\/strong>und Beispiele f\u00fcr Antworten auf m\u00f6gliche Bedenken (z.b. seitens der Eltern)<\/p>\n<p>Das Toolkit wird erg\u00e4nzt durch 6 Hefte mit direkt umsetzbaren Aktivit\u00e4ten <em>schl\u00fcsselfertig<\/em> zur Durchf\u00fchrung von SAS-Unterrichtseinheiten <strong><u>und zur Vermittlung von Informationen<\/u><\/strong>. Die meisten dieser Aktivit\u00e4ten werden von den Partnerstrukturen des Projekts bereits bei ihren Interventionen mit jungen Menschen eingesetzt.<\/p>\n<p>Das Toolkit wird erg\u00e4nzt durch einen Zugang zu einer Online-Plattform, das die Bildung von Jugendlichen zur SAS erleichtert: <strong><u>ein Repertoire an<\/u><\/strong>B\u00fcchern, Lehrmaterialien usw.<\/p>\n<p><strong>Link zum Online Repertoire Trello<\/strong> <a class=\"btn-text\" title=\"https:\/\/trello.com\/b\/phznq0rp\/chapitre-1-l%c3%aatre-humain-au-c%c5%93ur-de-la-sant%c3%a9-affective-et-sexuelle\" href=\"https:\/\/trello.com\/b\/PHznQ0Rp\/chapitre-1-l%C3%AAtre-humain-au-c%C5%93ur-de-la-sant%C3%A9-affective-et-sexuelle\" target=\"_blank\" rel=\"noreferrer noopener\" aria-label=\"Lien https:\/\/trello.com\/b\/PHznQ0Rp\/chapitre-1-l%C3%AAtre-humain-au-c%C5%93ur-de-la-sant%C3%A9-affective-et-sexuelle\">Let's Talk about Sex!<\/a><\/p>\n<p><strong>WICHTIG<\/strong>:\u00a0<em><strong>Die Links zum Zugriff auf das Trello-Repertoire (Liste mit Materialien zur affektiven und sexuellen Gesundheit von Jugendlichen) wurden im April 2024 aktualisiert. Drucken Sie <a class=\"btn-text\" href=\"https:\/\/cesas.lu\/wp-content\/uploads\/2025\/03\/2211activite-ltas5corrigee158.pdf\">diese Seite<\/a> aus, und ersetzen Sie es in Ihrer gedruckten Version des Let's Talk about Sex! Toolkit.<\/strong><\/em><\/p>\n<p><a class=\"btn-cta\" href=\"https:\/\/cesas.lu\/wp-content\/uploads\/2025\/03\/2211activite-ltasfr-web-1.pdf\">Toolkit auf Franz\u00f6sisch <\/a><\/p>\n<p><a class=\"btn-cta\" href=\"https:\/\/cesas.lu\/wp-content\/uploads\/2025\/03\/2211activite-ltasdeweb-3.pdf\">Toolkit auf Deutsch<\/a><\/p>\n<p><a class=\"btn-cta\" href=\"https:\/\/cesas.lu\/wp-content\/uploads\/2025\/03\/2211activite-ltasenweb-1.pdf\">Toolkit auf Englisch<\/a><\/p>\n<p>Feedback zum Toolkit<em> Let's Talk about Sex!<\/em> ? Den Bewertungsfragebogen finden Sie weiter unten<\/p>\n<p><a class=\"btn-cta\" href=\"https:\/\/docs.google.com\/forms\/d\/e\/1FAIpQLSfSQMe5lUl5NOAAiAuGFU6949TlA5QuLHW0y3R6nGbbtG0ijQ\/viewform\">Quiz<\/a><\/p>\n<hr \/>\n<h3>Les formations Let\u2019s Talk about Sex! :<\/h3>\n<p>Um den Theorieerwerb zu erleichtern und Fachkr\u00e4ften die M\u00f6glichkeit zu geben, ihre Animationstechniken und ihre professionelle Haltung w\u00e4hrend der Interventionen zu verbessern, schl\u00e4gt die Arbeitsgruppe einen Fortbildungs-Zyklus vor.<\/p>\n<p>Der Parcours umfasst <strong>6 theoretische Fortbildungen von<\/strong> jeweils etwa 4 Stunden. Die kommenden Fortbildungen finden Sie unter <a href=\"https:\/\/cesas.lu\/de\/agenda\/\">Veranstaltungen<\/a><\/p>\n<p>Weitere Infos folgen.<\/p>\n<p><a href=\"https:\/\/cesas.lu\/wp-content\/uploads\/2025\/12\/Formations-LTAS-2026-1400-x-1400-px-1400-x-1400-px.svg\"><img decoding=\"async\" class=\"wp-image-2764 aligncenter\" role=\"img\" src=\"https:\/\/cesas.lu\/wp-content\/uploads\/2025\/12\/Formations-LTAS-2026-1400-x-1400-px-1400-x-1400-px.svg\" alt=\"\" width=\"536\" height=\"536\" \/><\/a><\/p>\n<p><a class=\"btn-text\" href=\"https:\/\/ssl.education.lu\/ifen\/catalog\/\">Anmeldung f\u00fcr den formalen Bildungsbereich<\/a><a class=\"btn-text\" href=\"https:\/\/www.fedas.lu\/de\/training?search=\"><br \/>\nAnmeldung f\u00fcr den non-formalen Bildungsbereich<\/a><\/p>\n<p>Durch die Teilnahme an allen Fortbildungen ist es m\u00f6glich,  eine Teilnahmebest\u00e4tigung von Cesas zu erhalten. Hierzu legen Sie Cesas einfach einen Nachweis \u00fcber die Teilnahme an den 7 Fortbildungen (6 Theorieteile und 1 ganzt\u00e4tige praktische Fortbildung) vor.<\/p>","protected":false},"excerpt":{"rendered":"<p>Let\u2019s Talk about Sex! est un projet d\u00e9velopp\u00e9 par les expert.es en sant\u00e9 affective et sexuelle, s\u2019adressant aux professionnel.les travaillant avec les jeunes. Il se compose d\u2019un guide th\u00e9orique d\u2019un toolkit d\u2019activit\u00e9s pratiques d\u2019une s\u00e9rie de formations ainsi que de la possibilit\u00e9 d\u2019obtenir une attestation en sant\u00e9 affective et sexuelle (SAS) (\u00e0 partir de 2024). [&hellip;]<\/p>\n","protected":false},"author":1,"featured_media":543,"parent":1670,"menu_order":0,"comment_status":"closed","ping_status":"closed","template":"","meta":{"_acf_changed":false,"_piecal_is_event":false,"_piecal_start_date":"","_piecal_end_date":"","_piecal_is_allday":false,"footnotes":""},"class_list":["post-1672","page","type-page","status-publish","has-post-thumbnail","hentry"],"acf":[],"_links":{"self":[{"href":"https:\/\/cesas.lu\/de\/wp-json\/wp\/v2\/pages\/1672","targetHints":{"allow":["GET"]}}],"collection":[{"href":"https:\/\/cesas.lu\/de\/wp-json\/wp\/v2\/pages"}],"about":[{"href":"https:\/\/cesas.lu\/de\/wp-json\/wp\/v2\/types\/page"}],"author":[{"embeddable":true,"href":"https:\/\/cesas.lu\/de\/wp-json\/wp\/v2\/users\/1"}],"replies":[{"embeddable":true,"href":"https:\/\/cesas.lu\/de\/wp-json\/wp\/v2\/comments?post=1672"}],"version-history":[{"count":19,"href":"https:\/\/cesas.lu\/de\/wp-json\/wp\/v2\/pages\/1672\/revisions"}],"predecessor-version":[{"id":2770,"href":"https:\/\/cesas.lu\/de\/wp-json\/wp\/v2\/pages\/1672\/revisions\/2770"}],"up":[{"embeddable":true,"href":"https:\/\/cesas.lu\/de\/wp-json\/wp\/v2\/pages\/1670"}],"wp:featuredmedia":[{"embeddable":true,"href":"https:\/\/cesas.lu\/de\/wp-json\/wp\/v2\/media\/543"}],"wp:attachment":[{"href":"https:\/\/cesas.lu\/de\/wp-json\/wp\/v2\/media?parent=1672"}],"curies":[{"name":"wp","href":"https:\/\/api.w.org\/{rel}","templated":true}]}}